{"id":19633,"date":"2021-09-24T23:47:59","date_gmt":"2021-09-24T23:47:59","guid":{"rendered":"https:\/\/www.claritywave.com\/live-demo\/"},"modified":"2024-11-21T09:13:22","modified_gmt":"2024-11-21T09:13:22","slug":"live-demo","status":"publish","type":"page","link":"https:\/\/www.claritywave.com\/es\/live-demo\/","title":{"rendered":"Soluci\u00f3n de software de participaci\u00f3n de empleados de demostraci\u00f3n en vivo"},"content":{"rendered":"\t\t<div data-elementor-type=\"wp-post\" data-elementor-id=\"19633\" class=\"elementor elementor-19633 elementor-959\" data-elementor-post-type=\"page\">\n\t\t\t\t\t\t<section data-particle_enable=\"false\" data-particle-mobile-disabled=\"false\" class=\"elementor-section elementor-top-section elementor-element elementor-element-10d516e elementor-section-boxed elementor-section-height-default elementor-section-height-default\" data-id=\"10d516e\" data-element_type=\"section\" data-e-type=\"section\" data-settings=\"{&quot;background_background&quot;:&quot;classic&quot;}\">\n\t\t\t\t\t\t\t<div class=\"elementor-background-overlay\"><\/div>\n\t\t\t\t\t\t\t<div class=\"elementor-container elementor-column-gap-default\">\n\t\t\t\t\t<div class=\"elementor-column elementor-col-100 elementor-top-column elementor-element elementor-element-80658a8\" data-id=\"80658a8\" data-element_type=\"column\" data-e-type=\"column\" data-settings=\"{&quot;background_background&quot;:&quot;classic&quot;}\">\n\t\t\t<div class=\"elementor-widget-wrap elementor-element-populated\">\n\t\t\t\t\t\t<div class=\"elementor-element elementor-element-51979d8 elementor-widget elementor-widget-heading\" data-id=\"51979d8\" data-element_type=\"widget\" data-e-type=\"widget\" data-widget_type=\"heading.default\">\n\t\t\t\t<div class=\"elementor-widget-container\">\n\t\t\t\t\t<h1 class=\"elementor-heading-title elementor-size-default\">Demo de Clarity Wave<\/h1>\t\t\t\t<\/div>\n\t\t\t\t<\/div>\n\t\t\t\t\t<\/div>\n\t\t<\/div>\n\t\t\t\t\t<\/div>\n\t\t<\/section>\n\t\t\t\t<section data-particle_enable=\"false\" data-particle-mobile-disabled=\"false\" class=\"elementor-section elementor-top-section elementor-element elementor-element-e6a21a8 elementor-section-height-min-height elementor-section-items-top elementor-section-boxed elementor-section-height-default\" data-id=\"e6a21a8\" data-element_type=\"section\" data-e-type=\"section\" data-settings=\"{&quot;background_background&quot;:&quot;classic&quot;}\">\n\t\t\t\t\t\t\t<div class=\"elementor-background-overlay\"><\/div>\n\t\t\t\t\t\t\t<div class=\"elementor-container elementor-column-gap-default\">\n\t\t\t\t\t<div class=\"elementor-column elementor-col-50 elementor-top-column elementor-element elementor-element-a2231f9\" data-id=\"a2231f9\" data-element_type=\"column\" data-e-type=\"column\" data-settings=\"{&quot;background_background&quot;:&quot;classic&quot;}\">\n\t\t\t<div class=\"elementor-widget-wrap elementor-element-populated\">\n\t\t\t\t\t\t<div class=\"elementor-element elementor-element-11c1271 elementor-widget elementor-widget-text-editor\" data-id=\"11c1271\" data-element_type=\"widget\" data-e-type=\"widget\" data-widget_type=\"text-editor.default\">\n\t\t\t\t<div class=\"elementor-widget-container\">\n\t\t\t\t\t\t\t\t\t<p><span class=\"text-clipping-padded-yellow\">\u00a1Perm\u00edtanos mostrarle c\u00f3mo Clarity Wave puede mejorar su empresa!<\/span><\/p>\r\n<p><span class=\"text-clipping-padded-yellow\">Seleccione el d\u00eda que mejor le convenga para unirse a nuestros expertos en Clarity Wave para una sesi\u00f3n de demostraci\u00f3n privada uno a uno.<\/span><\/p>\r\n<p><span class=\"text-clipping-padded-yellow\">Si tiene alg\u00fan problema con esta p\u00e1gina, env\u00edenos un correo electr\u00f3nico a <a href = \"mailto: info@claritywave.com\" target=\"_blank\" rel=\"nofollow noopener noreferrer\">info@claritywave.com<\/a> directly.<\/span><\/p>\t\t\t\t\t\t\t\t<\/div>\n\t\t\t\t<\/div>\n\t\t\t\t\t<\/div>\n\t\t<\/div>\n\t\t\t\t<div class=\"elementor-column elementor-col-50 elementor-top-column elementor-element elementor-element-6975a4c\" data-id=\"6975a4c\" data-element_type=\"column\" data-e-type=\"column\">\n\t\t\t<div class=\"elementor-widget-wrap elementor-element-populated\">\n\t\t\t\t\t\t<div class=\"elementor-element elementor-element-cd6d0bc elementor-widget elementor-widget-html\" data-id=\"cd6d0bc\" data-element_type=\"widget\" data-e-type=\"widget\" data-widget_type=\"html.default\">\n\t\t\t\t<div class=\"elementor-widget-container\">\n\t\t\t\t\t<!-- Start Calendly Widget -->\r\n<div class=\"calendly-inline-widget\" data-url=\"https:\/\/calendly.com\/amoutal\/60-minutes-meeting?hide_gdpr_banner=1&primary_color=1296ac\" style=\"min-width:300px;height:1100px;\"><\/div>\r\n<script type=\"text\/javascript\" src=\"https:\/\/assets.calendly.com\/assets\/external\/widget.js\" async><\/script>\r\n<!-- End Calendly Widget -->\t\t\t\t<\/div>\n\t\t\t\t<\/div>\n\t\t\t\t\t<\/div>\n\t\t<\/div>\n\t\t\t\t\t<\/div>\n\t\t<\/section>\n\t\t\t\t<\/div>\n\t\t","protected":false},"excerpt":{"rendered":"<p>Demo de Clarity Wave \u00a1Perm\u00edtanos mostrarle c\u00f3mo Clarity Wave puede mejorar su empresa! Seleccione el d\u00eda que mejor le convenga para unirse a nuestros expertos en Clarity Wave para una sesi\u00f3n de demostraci\u00f3n privada uno a uno. Si tiene alg\u00fan problema con esta p\u00e1gina, env\u00edenos un correo electr\u00f3nico a info@claritywave.com&#8230;&#8230;<\/p>\n","protected":false},"author":1,"featured_media":0,"parent":0,"menu_order":0,"comment_status":"closed","ping_status":"closed","template":"elementor_header_footer","meta":{"om_disable_all_campaigns":false,"footnotes":""},"class_list":["post-19633","page","type-page","status-publish","hentry"],"yoast_head":"<!-- This site is optimized with the Yoast SEO plugin v27.1.1 - https:\/\/yoast.com\/product\/yoast-seo-wordpress\/ -->\n<title>Soluci\u00f3n de software de participaci\u00f3n de empleados de demostraci\u00f3n en vivo &#8226; Clarity Wave<\/title>\n<meta name=\"description\" content=\"et us show you how EPIC software can change your company! Join our expert for a one-on-one private demo session to find out how EPIC can help you make your company a better place to work.\" \/>\n<meta name=\"robots\" content=\"index, follow, max-snippet:-1, max-image-preview:large, max-video-preview:-1\" \/>\n<link rel=\"canonical\" href=\"https:\/\/www.claritywave.com\/es\/live-demo\/\" \/>\n<meta property=\"og:locale\" content=\"es_ES\" \/>\n<meta property=\"og:type\" content=\"article\" \/>\n<meta property=\"og:title\" content=\"Soluci\u00f3n de software de participaci\u00f3n de empleados de demostraci\u00f3n en vivo &#8226; Clarity Wave\" \/>\n<meta property=\"og:description\" content=\"et us show you how EPIC software can change your company! Join our expert for a one-on-one private demo session to find out how EPIC can help you make your company a better place to work.\" \/>\n<meta property=\"og:url\" content=\"https:\/\/www.claritywave.com\/es\/live-demo\/\" \/>\n<meta property=\"og:site_name\" content=\"Clarity Wave\" \/>\n<meta property=\"article:publisher\" content=\"https:\/\/www.facebook.com\/claritywave\/\" \/>\n<meta property=\"article:modified_time\" content=\"2024-11-21T09:13:22+00:00\" \/>\n<meta name=\"twitter:card\" content=\"summary_large_image\" \/>\n<meta name=\"twitter:site\" content=\"@ClarityWave\" \/>\n<script type=\"application\/ld+json\" class=\"yoast-schema-graph\">{\"@context\":\"https:\/\/schema.org\",\"@graph\":[{\"@type\":\"WebPage\",\"@id\":\"https:\/\/www.claritywave.com\/es\/live-demo\/\",\"url\":\"https:\/\/www.claritywave.com\/es\/live-demo\/\",\"name\":\"Soluci\u00f3n de software de participaci\u00f3n de empleados de demostraci\u00f3n en vivo &#8226; Clarity Wave\",\"isPartOf\":{\"@id\":\"https:\/\/www.claritywave.com\/es\/#website\"},\"datePublished\":\"2021-09-24T23:47:59+00:00\",\"dateModified\":\"2024-11-21T09:13:22+00:00\",\"description\":\"et us show you how EPIC software can change your company! Join our expert for a one-on-one private demo session to find out how EPIC can help you make your company a better place to work.\",\"breadcrumb\":{\"@id\":\"https:\/\/www.claritywave.com\/es\/live-demo\/#breadcrumb\"},\"inLanguage\":\"es\",\"potentialAction\":[{\"@type\":\"ReadAction\",\"target\":[\"https:\/\/www.claritywave.com\/es\/live-demo\/\"]}]},{\"@type\":\"BreadcrumbList\",\"@id\":\"https:\/\/www.claritywave.com\/es\/live-demo\/#breadcrumb\",\"itemListElement\":[{\"@type\":\"ListItem\",\"position\":1,\"name\":\"Home\",\"item\":\"https:\/\/www.claritywave.com\/es\/\"},{\"@type\":\"ListItem\",\"position\":2,\"name\":\"Soluci\u00f3n de software de participaci\u00f3n de empleados de demostraci\u00f3n en vivo\"}]},{\"@type\":\"WebSite\",\"@id\":\"https:\/\/www.claritywave.com\/es\/#website\",\"url\":\"https:\/\/www.claritywave.com\/es\/\",\"name\":\"Clarity Wave\",\"description\":\"Employee Engagement Software\",\"publisher\":{\"@id\":\"https:\/\/www.claritywave.com\/es\/#organization\"},\"potentialAction\":[{\"@type\":\"SearchAction\",\"target\":{\"@type\":\"EntryPoint\",\"urlTemplate\":\"https:\/\/www.claritywave.com\/es\/?s={search_term_string}\"},\"query-input\":{\"@type\":\"PropertyValueSpecification\",\"valueRequired\":true,\"valueName\":\"search_term_string\"}}],\"inLanguage\":\"es\"},{\"@type\":\"Organization\",\"@id\":\"https:\/\/www.claritywave.com\/es\/#organization\",\"name\":\"Clarity Wave\",\"url\":\"https:\/\/www.claritywave.com\/es\/\",\"logo\":{\"@type\":\"ImageObject\",\"inLanguage\":\"es\",\"@id\":\"https:\/\/www.claritywave.com\/es\/#\/schema\/logo\/image\/\",\"url\":\"https:\/\/www.claritywave.com\/images\/Clarity-Wave-logo.png\",\"contentUrl\":\"https:\/\/www.claritywave.com\/images\/Clarity-Wave-logo.png\",\"width\":270,\"height\":43,\"caption\":\"Clarity Wave\"},\"image\":{\"@id\":\"https:\/\/www.claritywave.com\/es\/#\/schema\/logo\/image\/\"},\"sameAs\":[\"https:\/\/www.facebook.com\/claritywave\/\",\"https:\/\/x.com\/ClarityWave\",\"https:\/\/www.instagram.com\/clarity_wave\/\",\"https:\/\/www.linkedin.com\/company\/epic-by-clarity-wave\/\"]}]}<\/script>\n<!-- \/ Yoast SEO plugin. -->","yoast_head_json":{"title":"Soluci\u00f3n de software de participaci\u00f3n de empleados de demostraci\u00f3n en vivo &#8226; Clarity Wave","description":"et us show you how EPIC software can change your company! Join our expert for a one-on-one private demo session to find out how EPIC can help you make your company a better place to work.","robots":{"index":"index","follow":"follow","max-snippet":"max-snippet:-1","max-image-preview":"max-image-preview:large","max-video-preview":"max-video-preview:-1"},"canonical":"https:\/\/www.claritywave.com\/es\/live-demo\/","og_locale":"es_ES","og_type":"article","og_title":"Soluci\u00f3n de software de participaci\u00f3n de empleados de demostraci\u00f3n en vivo &#8226; Clarity Wave","og_description":"et us show you how EPIC software can change your company! Join our expert for a one-on-one private demo session to find out how EPIC can help you make your company a better place to work.","og_url":"https:\/\/www.claritywave.com\/es\/live-demo\/","og_site_name":"Clarity Wave","article_publisher":"https:\/\/www.facebook.com\/claritywave\/","article_modified_time":"2024-11-21T09:13:22+00:00","twitter_card":"summary_large_image","twitter_site":"@ClarityWave","schema":{"@context":"https:\/\/schema.org","@graph":[{"@type":"WebPage","@id":"https:\/\/www.claritywave.com\/es\/live-demo\/","url":"https:\/\/www.claritywave.com\/es\/live-demo\/","name":"Soluci\u00f3n de software de participaci\u00f3n de empleados de demostraci\u00f3n en vivo &#8226; Clarity Wave","isPartOf":{"@id":"https:\/\/www.claritywave.com\/es\/#website"},"datePublished":"2021-09-24T23:47:59+00:00","dateModified":"2024-11-21T09:13:22+00:00","description":"et us show you how EPIC software can change your company! Join our expert for a one-on-one private demo session to find out how EPIC can help you make your company a better place to work.","breadcrumb":{"@id":"https:\/\/www.claritywave.com\/es\/live-demo\/#breadcrumb"},"inLanguage":"es","potentialAction":[{"@type":"ReadAction","target":["https:\/\/www.claritywave.com\/es\/live-demo\/"]}]},{"@type":"BreadcrumbList","@id":"https:\/\/www.claritywave.com\/es\/live-demo\/#breadcrumb","itemListElement":[{"@type":"ListItem","position":1,"name":"Home","item":"https:\/\/www.claritywave.com\/es\/"},{"@type":"ListItem","position":2,"name":"Soluci\u00f3n de software de participaci\u00f3n de empleados de demostraci\u00f3n en vivo"}]},{"@type":"WebSite","@id":"https:\/\/www.claritywave.com\/es\/#website","url":"https:\/\/www.claritywave.com\/es\/","name":"Clarity Wave","description":"Employee Engagement Software","publisher":{"@id":"https:\/\/www.claritywave.com\/es\/#organization"},"potentialAction":[{"@type":"SearchAction","target":{"@type":"EntryPoint","urlTemplate":"https:\/\/www.claritywave.com\/es\/?s={search_term_string}"},"query-input":{"@type":"PropertyValueSpecification","valueRequired":true,"valueName":"search_term_string"}}],"inLanguage":"es"},{"@type":"Organization","@id":"https:\/\/www.claritywave.com\/es\/#organization","name":"Clarity Wave","url":"https:\/\/www.claritywave.com\/es\/","logo":{"@type":"ImageObject","inLanguage":"es","@id":"https:\/\/www.claritywave.com\/es\/#\/schema\/logo\/image\/","url":"https:\/\/www.claritywave.com\/images\/Clarity-Wave-logo.png","contentUrl":"https:\/\/www.claritywave.com\/images\/Clarity-Wave-logo.png","width":270,"height":43,"caption":"Clarity Wave"},"image":{"@id":"https:\/\/www.claritywave.com\/es\/#\/schema\/logo\/image\/"},"sameAs":["https:\/\/www.facebook.com\/claritywave\/","https:\/\/x.com\/ClarityWave","https:\/\/www.instagram.com\/clarity_wave\/","https:\/\/www.linkedin.com\/company\/epic-by-clarity-wave\/"]}]}},"_links":{"self":[{"href":"https:\/\/www.claritywave.com\/es\/wp-json\/wp\/v2\/pages\/19633","targetHints":{"allow":["GET"]}}],"collection":[{"href":"https:\/\/www.claritywave.com\/es\/wp-json\/wp\/v2\/pages"}],"about":[{"href":"https:\/\/www.claritywave.com\/es\/wp-json\/wp\/v2\/types\/page"}],"author":[{"embeddable":true,"href":"https:\/\/www.claritywave.com\/es\/wp-json\/wp\/v2\/users\/1"}],"replies":[{"embeddable":true,"href":"https:\/\/www.claritywave.com\/es\/wp-json\/wp\/v2\/comments?post=19633"}],"version-history":[{"count":4,"href":"https:\/\/www.claritywave.com\/es\/wp-json\/wp\/v2\/pages\/19633\/revisions"}],"predecessor-version":[{"id":26848,"href":"https:\/\/www.claritywave.com\/es\/wp-json\/wp\/v2\/pages\/19633\/revisions\/26848"}],"wp:attachment":[{"href":"https:\/\/www.claritywave.com\/es\/wp-json\/wp\/v2\/media?parent=19633"}],"curies":[{"name":"wp","href":"https:\/\/api.w.org\/{rel}","templated":true}]}}