{"id":19666,"date":"2021-09-24T23:58:52","date_gmt":"2021-09-24T23:58:52","guid":{"rendered":"https:\/\/www.claritywave.com\/thank-you-for-the-information\/"},"modified":"2021-09-24T23:59:19","modified_gmt":"2021-09-24T23:59:19","slug":"thank-you-for-the-information","status":"publish","type":"page","link":"https:\/\/www.claritywave.com\/es\/thank-you-for-the-information\/","title":{"rendered":"\u00a1Gracias por la informaci\u00f3n!"},"content":{"rendered":"\t\t<div data-elementor-type=\"wp-page\" data-elementor-id=\"19666\" class=\"elementor elementor-19666 elementor-18964\" data-elementor-post-type=\"page\">\n\t\t\t\t\t\t<section data-particle_enable=\"false\" data-particle-mobile-disabled=\"false\" class=\"elementor-section elementor-top-section elementor-element elementor-element-e21c50b contact-top-section elementor-section-boxed elementor-section-height-default elementor-section-height-default\" data-id=\"e21c50b\" data-element_type=\"section\" data-e-type=\"section\" data-settings=\"{&quot;background_background&quot;:&quot;classic&quot;}\">\n\t\t\t\t\t\t\t<div class=\"elementor-background-overlay\"><\/div>\n\t\t\t\t\t\t\t<div class=\"elementor-container elementor-column-gap-default\">\n\t\t\t\t\t<div class=\"elementor-column elementor-col-100 elementor-top-column elementor-element elementor-element-6e4b6c3\" data-id=\"6e4b6c3\" data-element_type=\"column\" data-e-type=\"column\" data-settings=\"{&quot;background_background&quot;:&quot;classic&quot;}\">\n\t\t\t<div class=\"elementor-widget-wrap elementor-element-populated\">\n\t\t\t\t\t\t<div class=\"elementor-element elementor-element-4b15df8 elementor-widget elementor-widget-heading\" data-id=\"4b15df8\" data-element_type=\"widget\" data-e-type=\"widget\" data-widget_type=\"heading.default\">\n\t\t\t\t<div class=\"elementor-widget-container\">\n\t\t\t\t\t<h1 class=\"elementor-heading-title elementor-size-default\">\u00a1Gracias por la informaci\u00f3n!<\/h1>\t\t\t\t<\/div>\n\t\t\t\t<\/div>\n\t\t\t\t<div class=\"elementor-element elementor-element-c9283bd thanks-top-text elementor-widget elementor-widget-text-editor\" data-id=\"c9283bd\" data-element_type=\"widget\" data-e-type=\"widget\" data-widget_type=\"text-editor.default\">\n\t\t\t\t<div class=\"elementor-widget-container\">\n\t\t\t\t\t\t\t\t\t<p>Ahora necesitamos programar una reuni\u00f3n con nuestro Equipo de \u00c9xito del Cliente, que estar\u00e1 a cargo de todo el proceso de incorporaci\u00f3n, capacitaci\u00f3n y soporte para los miembros de su equipo.<\/p>\n\t\t\t\t\t\t\t\t<\/div>\n\t\t\t\t<\/div>\n\t\t\t\t\t<\/div>\n\t\t<\/div>\n\t\t\t\t\t<\/div>\n\t\t<\/section>\n\t\t\t\t<section data-particle_enable=\"false\" data-particle-mobile-disabled=\"false\" class=\"elementor-section elementor-top-section elementor-element elementor-element-bc01cc9 thank-select-day-section elementor-section-boxed elementor-section-height-default elementor-section-height-default\" data-id=\"bc01cc9\" data-element_type=\"section\" data-e-type=\"section\" data-settings=\"{&quot;background_background&quot;:&quot;classic&quot;}\">\n\t\t\t\t\t\t<div class=\"elementor-container elementor-column-gap-default\">\n\t\t\t\t\t<div class=\"elementor-column elementor-col-100 elementor-top-column elementor-element elementor-element-4dca2ca\" data-id=\"4dca2ca\" data-element_type=\"column\" data-e-type=\"column\">\n\t\t\t<div class=\"elementor-widget-wrap elementor-element-populated\">\n\t\t\t\t\t\t<div class=\"elementor-element elementor-element-d36c882 elementor-widget elementor-widget-heading\" data-id=\"d36c882\" data-element_type=\"widget\" data-e-type=\"widget\" data-widget_type=\"heading.default\">\n\t\t\t\t<div class=\"elementor-widget-container\">\n\t\t\t\t\t<h3 class=\"elementor-heading-title elementor-size-default\">Seleccione un d\u00eda y una hora que le convenga.<\/h3>\t\t\t\t<\/div>\n\t\t\t\t<\/div>\n\t\t\t\t<div class=\"elementor-element elementor-element-ec122b4 elementor-widget elementor-widget-image\" data-id=\"ec122b4\" data-element_type=\"widget\" data-e-type=\"widget\" data-widget_type=\"image.default\">\n\t\t\t\t<div class=\"elementor-widget-container\">\n\t\t\t\t\t\t\t\t\t\t\t\t\t\t\t<img fetchpriority=\"high\" decoding=\"async\" width=\"957\" height=\"96\" src=\"https:\/\/www.claritywave.com\/images\/thank-page-second-section-img.png\" class=\"attachment-full size-full wp-image-19177\" alt=\"\" srcset=\"https:\/\/www.claritywave.com\/images\/thank-page-second-section-img.png 957w, https:\/\/www.claritywave.com\/images\/thank-page-second-section-img-400x40.png 400w, https:\/\/www.claritywave.com\/images\/thank-page-second-section-img-800x80.png 800w, https:\/\/www.claritywave.com\/images\/thank-page-second-section-img-768x77.png 768w\" sizes=\"(max-width: 957px) 100vw, 957px\" \/>\t\t\t\t\t\t\t\t\t\t\t\t\t\t\t<\/div>\n\t\t\t\t<\/div>\n\t\t\t\t<div class=\"elementor-element elementor-element-cbbcfc0 elementor-widget elementor-widget-html\" data-id=\"cbbcfc0\" data-element_type=\"widget\" data-e-type=\"widget\" data-widget_type=\"html.default\">\n\t\t\t\t<div class=\"elementor-widget-container\">\n\t\t\t\t\t<!-- Calendly inline widget begin -->\r\n<div class=\"calendly-inline-widget\" data-url=\"https:\/\/calendly.com\/rmoutal\/get-started\" style=\"min-width:320px;height:670px;\"><\/div>\r\n<script type=\"text\/javascript\" src=\"https:\/\/assets.calendly.com\/assets\/external\/widget.js\" async><\/script>\r\n<!-- Calendly inline widget end -->\t\t\t\t<\/div>\n\t\t\t\t<\/div>\n\t\t\t\t\t<\/div>\n\t\t<\/div>\n\t\t\t\t\t<\/div>\n\t\t<\/section>\n\t\t\t\t<section data-particle_enable=\"false\" data-particle-mobile-disabled=\"false\" class=\"elementor-section elementor-top-section elementor-element elementor-element-a69ce0e bottom-section-with-img elementor-section-boxed elementor-section-height-default elementor-section-height-default\" data-id=\"a69ce0e\" data-element_type=\"section\" data-e-type=\"section\" data-settings=\"{&quot;background_background&quot;:&quot;classic&quot;}\">\n\t\t\t\t\t\t<div class=\"elementor-container elementor-column-gap-no\">\n\t\t\t\t\t<div class=\"elementor-column elementor-col-100 elementor-top-column elementor-element elementor-element-30b19a8\" data-id=\"30b19a8\" data-element_type=\"column\" data-e-type=\"column\">\n\t\t\t<div class=\"elementor-widget-wrap elementor-element-populated\">\n\t\t\t\t\t\t<div class=\"elementor-element elementor-element-f1dbe6c elementor-widget elementor-widget-heading\" data-id=\"f1dbe6c\" data-element_type=\"widget\" data-e-type=\"widget\" data-widget_type=\"heading.default\">\n\t\t\t\t<div class=\"elementor-widget-container\">\n\t\t\t\t\t<h3 class=\"elementor-heading-title elementor-size-default\">Sin tarjeta de cr\u00e9dito.<br> Cancele cuando sea. <br>Sin compromisos.<\/h3>\t\t\t\t<\/div>\n\t\t\t\t<\/div>\n\t\t\t\t<div class=\"elementor-element elementor-element-5674f52 elementor-align-left elementor-tablet-align-left elementor-mobile-align-center elementor-widget elementor-widget-button\" data-id=\"5674f52\" data-element_type=\"widget\" data-e-type=\"widget\" data-widget_type=\"button.default\">\n\t\t\t\t<div class=\"elementor-widget-container\">\n\t\t\t\t\t\t\t\t\t<div class=\"elementor-button-wrapper\">\n\t\t\t\t\t<a class=\"elementor-button elementor-button-link elementor-size-md\" href=\"https:\/\/www.claritywave.com\/es\/free-trial\/\">\n\t\t\t\t\t\t<span class=\"elementor-button-content-wrapper\">\n\t\t\t\t\t\t\t\t\t<span class=\"elementor-button-text\">Pru\u00e9belo Gratis<\/span>\n\t\t\t\t\t<\/span>\n\t\t\t\t\t<\/a>\n\t\t\t\t<\/div>\n\t\t\t\t\t\t\t\t<\/div>\n\t\t\t\t<\/div>\n\t\t\t\t<section data-particle_enable=\"false\" data-particle-mobile-disabled=\"false\" class=\"elementor-section elementor-inner-section elementor-element elementor-element-b251282 elementor-section-content-middle no-credit-logos elementor-section-boxed elementor-section-height-default elementor-section-height-default\" data-id=\"b251282\" data-element_type=\"section\" data-e-type=\"section\">\n\t\t\t\t\t\t<div class=\"elementor-container elementor-column-gap-no\">\n\t\t\t\t\t<div class=\"elementor-column elementor-col-20 elementor-inner-column elementor-element elementor-element-7b17c53\" data-id=\"7b17c53\" data-element_type=\"column\" data-e-type=\"column\">\n\t\t\t<div class=\"elementor-widget-wrap elementor-element-populated\">\n\t\t\t\t\t\t<div class=\"elementor-element elementor-element-4b73990 elementor-widget elementor-widget-image\" data-id=\"4b73990\" data-element_type=\"widget\" data-e-type=\"widget\" data-widget_type=\"image.default\">\n\t\t\t\t<div class=\"elementor-widget-container\">\n\t\t\t\t\t\t\t\t\t\t\t\t\t\t\t<img decoding=\"async\" width=\"120\" height=\"120\" src=\"https:\/\/www.claritywave.com\/images\/hard-rock-1.png\" class=\"attachment-full size-full wp-image-11917\" alt=\"\" \/>\t\t\t\t\t\t\t\t\t\t\t\t\t\t\t<\/div>\n\t\t\t\t<\/div>\n\t\t\t\t\t<\/div>\n\t\t<\/div>\n\t\t\t\t<div class=\"elementor-column elementor-col-20 elementor-inner-column elementor-element elementor-element-dbfacee\" data-id=\"dbfacee\" data-element_type=\"column\" data-e-type=\"column\">\n\t\t\t<div class=\"elementor-widget-wrap elementor-element-populated\">\n\t\t\t\t\t\t<div class=\"elementor-element elementor-element-b067a33 elementor-widget elementor-widget-image\" data-id=\"b067a33\" data-element_type=\"widget\" data-e-type=\"widget\" data-widget_type=\"image.default\">\n\t\t\t\t<div class=\"elementor-widget-container\">\n\t\t\t\t\t\t\t\t\t\t\t\t\t\t\t<img decoding=\"async\" width=\"120\" height=\"120\" src=\"https:\/\/www.claritywave.com\/images\/henkel-1.png\" class=\"attachment-full size-full wp-image-11923\" alt=\"\" \/>\t\t\t\t\t\t\t\t\t\t\t\t\t\t\t<\/div>\n\t\t\t\t<\/div>\n\t\t\t\t\t<\/div>\n\t\t<\/div>\n\t\t\t\t<div class=\"elementor-column elementor-col-20 elementor-inner-column elementor-element elementor-element-194efce\" data-id=\"194efce\" data-element_type=\"column\" data-e-type=\"column\">\n\t\t\t<div class=\"elementor-widget-wrap elementor-element-populated\">\n\t\t\t\t\t\t<div class=\"elementor-element elementor-element-f9ec06a elementor-widget elementor-widget-image\" data-id=\"f9ec06a\" data-element_type=\"widget\" data-e-type=\"widget\" data-widget_type=\"image.default\">\n\t\t\t\t<div class=\"elementor-widget-container\">\n\t\t\t\t\t\t\t\t\t\t\t\t\t\t\t<img loading=\"lazy\" decoding=\"async\" width=\"120\" height=\"120\" src=\"https:\/\/www.claritywave.com\/images\/haagen-1.png\" class=\"attachment-large size-large wp-image-11929\" alt=\"\" \/>\t\t\t\t\t\t\t\t\t\t\t\t\t\t\t<\/div>\n\t\t\t\t<\/div>\n\t\t\t\t\t<\/div>\n\t\t<\/div>\n\t\t\t\t<div class=\"elementor-column elementor-col-20 elementor-inner-column elementor-element elementor-element-679a290\" data-id=\"679a290\" data-element_type=\"column\" data-e-type=\"column\">\n\t\t\t<div class=\"elementor-widget-wrap elementor-element-populated\">\n\t\t\t\t\t\t<div class=\"elementor-element elementor-element-88c3282 elementor-widget elementor-widget-image\" data-id=\"88c3282\" data-element_type=\"widget\" data-e-type=\"widget\" data-widget_type=\"image.default\">\n\t\t\t\t<div class=\"elementor-widget-container\">\n\t\t\t\t\t\t\t\t\t\t\t\t\t\t\t<img loading=\"lazy\" decoding=\"async\" width=\"120\" height=\"120\" src=\"https:\/\/www.claritywave.com\/images\/subway-1.png\" class=\"attachment-large size-large wp-image-11935\" alt=\"\" \/>\t\t\t\t\t\t\t\t\t\t\t\t\t\t\t<\/div>\n\t\t\t\t<\/div>\n\t\t\t\t\t<\/div>\n\t\t<\/div>\n\t\t\t\t<div class=\"elementor-column elementor-col-20 elementor-inner-column elementor-element elementor-element-4bdc134\" data-id=\"4bdc134\" data-element_type=\"column\" data-e-type=\"column\">\n\t\t\t<div class=\"elementor-widget-wrap elementor-element-populated\">\n\t\t\t\t\t\t<div class=\"elementor-element elementor-element-0e384b9 elementor-widget elementor-widget-image\" data-id=\"0e384b9\" data-element_type=\"widget\" data-e-type=\"widget\" data-widget_type=\"image.default\">\n\t\t\t\t<div class=\"elementor-widget-container\">\n\t\t\t\t\t\t\t\t\t\t\t\t\t\t\t<img loading=\"lazy\" decoding=\"async\" width=\"120\" height=\"120\" src=\"https:\/\/www.claritywave.com\/images\/bimbo-logo.png\" class=\"attachment-large size-large wp-image-11941\" alt=\"\" \/>\t\t\t\t\t\t\t\t\t\t\t\t\t\t\t<\/div>\n\t\t\t\t<\/div>\n\t\t\t\t\t<\/div>\n\t\t<\/div>\n\t\t\t\t\t<\/div>\n\t\t<\/section>\n\t\t\t\t\t<\/div>\n\t\t<\/div>\n\t\t\t\t<div class=\"elementor-column elementor-col-100 elementor-top-column elementor-element elementor-element-f0314f6 no-credit-bg\" data-id=\"f0314f6\" data-element_type=\"column\" data-e-type=\"column\" data-settings=\"{&quot;background_background&quot;:&quot;classic&quot;}\">\n\t\t\t<div class=\"elementor-widget-wrap elementor-element-populated\">\n\t\t\t\t\t\t<section data-particle_enable=\"false\" data-particle-mobile-disabled=\"false\" class=\"elementor-section elementor-inner-section elementor-element elementor-element-d3b2045 elementor-section-content-middle elementor-section-full_width bottom-section-img-column elementor-section-height-default elementor-section-height-default\" data-id=\"d3b2045\" data-element_type=\"section\" data-e-type=\"section\" data-settings=\"{&quot;background_background&quot;:&quot;classic&quot;}\">\n\t\t\t\t\t\t<div class=\"elementor-container elementor-column-gap-no\">\n\t\t\t\t\t<div class=\"elementor-column elementor-col-100 elementor-inner-column elementor-element elementor-element-daeb21f credit-bg-m\" data-id=\"daeb21f\" data-element_type=\"column\" data-e-type=\"column\">\n\t\t\t<div class=\"elementor-widget-wrap elementor-element-populated\">\n\t\t\t\t\t\t<div class=\"elementor-element elementor-element-ac8e4d4 elementor-hidden-desktop elementor-hidden-tablet elementor-widget elementor-widget-image\" data-id=\"ac8e4d4\" data-element_type=\"widget\" data-e-type=\"widget\" data-settings=\"{&quot;motion_fx_motion_fx_scrolling&quot;:&quot;yes&quot;,&quot;motion_fx_devices&quot;:[&quot;desktop&quot;]}\" data-widget_type=\"image.default\">\n\t\t\t\t<div class=\"elementor-widget-container\">\n\t\t\t\t\t\t\t\t\t\t\t\t\t\t\t<img loading=\"lazy\" decoding=\"async\" width=\"344\" height=\"249\" src=\"https:\/\/www.claritywave.com\/images\/Group-184.png\" class=\"attachment-full size-full wp-image-11947\" alt=\"\" \/>\t\t\t\t\t\t\t\t\t\t\t\t\t\t\t<\/div>\n\t\t\t\t<\/div>\n\t\t\t\t<div class=\"elementor-element elementor-element-cbdea17 elementor-hidden-phone elementor-widget elementor-widget-image\" data-id=\"cbdea17\" data-element_type=\"widget\" data-e-type=\"widget\" data-settings=\"{&quot;motion_fx_motion_fx_scrolling&quot;:&quot;yes&quot;,&quot;motion_fx_devices&quot;:[&quot;desktop&quot;]}\" data-widget_type=\"image.default\">\n\t\t\t\t<div class=\"elementor-widget-container\">\n\t\t\t\t\t\t\t\t\t\t\t\t\t\t\t<img loading=\"lazy\" decoding=\"async\" width=\"771\" height=\"714\" src=\"https:\/\/www.claritywave.com\/images\/Component5.png\" class=\"attachment-full size-full wp-image-11953\" alt=\"\" srcset=\"https:\/\/www.claritywave.com\/images\/Component5.png 771w, https:\/\/www.claritywave.com\/images\/Component5-400x370.png 400w, https:\/\/www.claritywave.com\/images\/Component5-768x711.png 768w\" sizes=\"(max-width: 771px) 100vw, 771px\" \/>\t\t\t\t\t\t\t\t\t\t\t\t\t\t\t<\/div>\n\t\t\t\t<\/div>\n\t\t\t\t\t<\/div>\n\t\t<\/div>\n\t\t\t\t\t<\/div>\n\t\t<\/section>\n\t\t\t\t\t<\/div>\n\t\t<\/div>\n\t\t\t\t\t<\/div>\n\t\t<\/section>\n\t\t\t\t<\/div>\n\t\t","protected":false},"excerpt":{"rendered":"<p>\u00a1Gracias por la informaci\u00f3n! Ahora necesitamos programar una reuni\u00f3n con nuestro Equipo de \u00c9xito del Cliente, que estar\u00e1 a cargo de todo el proceso de incorporaci\u00f3n, capacitaci\u00f3n y soporte para los miembros de su equipo. Seleccione un d\u00eda y una hora que le convenga. Sin tarjeta de cr\u00e9dito. Cancele cuando&#8230;&#8230;<\/p>\n","protected":false},"author":10,"featured_media":0,"parent":0,"menu_order":0,"comment_status":"closed","ping_status":"closed","template":"new-design-template.php","meta":{"om_disable_all_campaigns":false,"footnotes":""},"class_list":["post-19666","page","type-page","status-publish","hentry"],"yoast_head":"<!-- This site is optimized with the Yoast SEO plugin v27.1.1 - https:\/\/yoast.com\/product\/yoast-seo-wordpress\/ -->\n<title>\u00a1Gracias por la informaci\u00f3n! &#8226; Clarity Wave<\/title>\n<meta name=\"robots\" content=\"index, follow, max-snippet:-1, max-image-preview:large, max-video-preview:-1\" \/>\n<link rel=\"canonical\" href=\"https:\/\/www.claritywave.com\/es\/thank-you-for-the-information\/\" \/>\n<meta property=\"og:locale\" content=\"es_ES\" \/>\n<meta property=\"og:type\" content=\"article\" \/>\n<meta property=\"og:title\" content=\"\u00a1Gracias por la informaci\u00f3n! &#8226; Clarity Wave\" \/>\n<meta property=\"og:description\" content=\"\u00a1Gracias por la informaci\u00f3n! Ahora necesitamos programar una reuni\u00f3n con nuestro Equipo de \u00c9xito del Cliente, que estar\u00e1 a cargo de todo el proceso de incorporaci\u00f3n, capacitaci\u00f3n y soporte para los miembros de su equipo. Seleccione un d\u00eda y una hora que le convenga. Sin tarjeta de cr\u00e9dito. Cancele cuando......\" \/>\n<meta property=\"og:url\" content=\"https:\/\/www.claritywave.com\/es\/thank-you-for-the-information\/\" \/>\n<meta property=\"og:site_name\" content=\"Clarity Wave\" \/>\n<meta property=\"article:publisher\" content=\"https:\/\/www.facebook.com\/claritywave\/\" \/>\n<meta property=\"article:modified_time\" content=\"2021-09-24T23:59:19+00:00\" \/>\n<meta property=\"og:image\" content=\"https:\/\/www.claritywave.com\/images\/thank-page-second-section-img.png\" \/>\n<meta name=\"twitter:card\" content=\"summary_large_image\" \/>\n<meta name=\"twitter:site\" content=\"@ClarityWave\" \/>\n<script type=\"application\/ld+json\" class=\"yoast-schema-graph\">{\"@context\":\"https:\/\/schema.org\",\"@graph\":[{\"@type\":\"WebPage\",\"@id\":\"https:\/\/www.claritywave.com\/es\/thank-you-for-the-information\/\",\"url\":\"https:\/\/www.claritywave.com\/es\/thank-you-for-the-information\/\",\"name\":\"\u00a1Gracias por la informaci\u00f3n! &#8226; Clarity Wave\",\"isPartOf\":{\"@id\":\"https:\/\/www.claritywave.com\/es\/#website\"},\"primaryImageOfPage\":{\"@id\":\"https:\/\/www.claritywave.com\/es\/thank-you-for-the-information\/#primaryimage\"},\"image\":{\"@id\":\"https:\/\/www.claritywave.com\/es\/thank-you-for-the-information\/#primaryimage\"},\"thumbnailUrl\":\"https:\/\/www.claritywave.com\/images\/thank-page-second-section-img.png\",\"datePublished\":\"2021-09-24T23:58:52+00:00\",\"dateModified\":\"2021-09-24T23:59:19+00:00\",\"breadcrumb\":{\"@id\":\"https:\/\/www.claritywave.com\/es\/thank-you-for-the-information\/#breadcrumb\"},\"inLanguage\":\"es\",\"potentialAction\":[{\"@type\":\"ReadAction\",\"target\":[\"https:\/\/www.claritywave.com\/es\/thank-you-for-the-information\/\"]}]},{\"@type\":\"ImageObject\",\"inLanguage\":\"es\",\"@id\":\"https:\/\/www.claritywave.com\/es\/thank-you-for-the-information\/#primaryimage\",\"url\":\"https:\/\/www.claritywave.com\/images\/thank-page-second-section-img.png\",\"contentUrl\":\"https:\/\/www.claritywave.com\/images\/thank-page-second-section-img.png\"},{\"@type\":\"BreadcrumbList\",\"@id\":\"https:\/\/www.claritywave.com\/es\/thank-you-for-the-information\/#breadcrumb\",\"itemListElement\":[{\"@type\":\"ListItem\",\"position\":1,\"name\":\"Home\",\"item\":\"https:\/\/www.claritywave.com\/es\/\"},{\"@type\":\"ListItem\",\"position\":2,\"name\":\"\u00a1Gracias por la informaci\u00f3n!\"}]},{\"@type\":\"WebSite\",\"@id\":\"https:\/\/www.claritywave.com\/es\/#website\",\"url\":\"https:\/\/www.claritywave.com\/es\/\",\"name\":\"Clarity Wave\",\"description\":\"Employee Engagement Software\",\"publisher\":{\"@id\":\"https:\/\/www.claritywave.com\/es\/#organization\"},\"potentialAction\":[{\"@type\":\"SearchAction\",\"target\":{\"@type\":\"EntryPoint\",\"urlTemplate\":\"https:\/\/www.claritywave.com\/es\/?s={search_term_string}\"},\"query-input\":{\"@type\":\"PropertyValueSpecification\",\"valueRequired\":true,\"valueName\":\"search_term_string\"}}],\"inLanguage\":\"es\"},{\"@type\":\"Organization\",\"@id\":\"https:\/\/www.claritywave.com\/es\/#organization\",\"name\":\"Clarity Wave\",\"url\":\"https:\/\/www.claritywave.com\/es\/\",\"logo\":{\"@type\":\"ImageObject\",\"inLanguage\":\"es\",\"@id\":\"https:\/\/www.claritywave.com\/es\/#\/schema\/logo\/image\/\",\"url\":\"https:\/\/www.claritywave.com\/images\/Clarity-Wave-logo.png\",\"contentUrl\":\"https:\/\/www.claritywave.com\/images\/Clarity-Wave-logo.png\",\"width\":270,\"height\":43,\"caption\":\"Clarity Wave\"},\"image\":{\"@id\":\"https:\/\/www.claritywave.com\/es\/#\/schema\/logo\/image\/\"},\"sameAs\":[\"https:\/\/www.facebook.com\/claritywave\/\",\"https:\/\/x.com\/ClarityWave\",\"https:\/\/www.instagram.com\/clarity_wave\/\",\"https:\/\/www.linkedin.com\/company\/epic-by-clarity-wave\/\"]}]}<\/script>\n<!-- \/ Yoast SEO plugin. -->","yoast_head_json":{"title":"\u00a1Gracias por la informaci\u00f3n! &#8226; Clarity Wave","robots":{"index":"index","follow":"follow","max-snippet":"max-snippet:-1","max-image-preview":"max-image-preview:large","max-video-preview":"max-video-preview:-1"},"canonical":"https:\/\/www.claritywave.com\/es\/thank-you-for-the-information\/","og_locale":"es_ES","og_type":"article","og_title":"\u00a1Gracias por la informaci\u00f3n! &#8226; Clarity Wave","og_description":"\u00a1Gracias por la informaci\u00f3n! Ahora necesitamos programar una reuni\u00f3n con nuestro Equipo de \u00c9xito del Cliente, que estar\u00e1 a cargo de todo el proceso de incorporaci\u00f3n, capacitaci\u00f3n y soporte para los miembros de su equipo. Seleccione un d\u00eda y una hora que le convenga. Sin tarjeta de cr\u00e9dito. Cancele cuando......","og_url":"https:\/\/www.claritywave.com\/es\/thank-you-for-the-information\/","og_site_name":"Clarity Wave","article_publisher":"https:\/\/www.facebook.com\/claritywave\/","article_modified_time":"2021-09-24T23:59:19+00:00","og_image":[{"url":"https:\/\/www.claritywave.com\/images\/thank-page-second-section-img.png","type":"","width":"","height":""}],"twitter_card":"summary_large_image","twitter_site":"@ClarityWave","schema":{"@context":"https:\/\/schema.org","@graph":[{"@type":"WebPage","@id":"https:\/\/www.claritywave.com\/es\/thank-you-for-the-information\/","url":"https:\/\/www.claritywave.com\/es\/thank-you-for-the-information\/","name":"\u00a1Gracias por la informaci\u00f3n! &#8226; Clarity Wave","isPartOf":{"@id":"https:\/\/www.claritywave.com\/es\/#website"},"primaryImageOfPage":{"@id":"https:\/\/www.claritywave.com\/es\/thank-you-for-the-information\/#primaryimage"},"image":{"@id":"https:\/\/www.claritywave.com\/es\/thank-you-for-the-information\/#primaryimage"},"thumbnailUrl":"https:\/\/www.claritywave.com\/images\/thank-page-second-section-img.png","datePublished":"2021-09-24T23:58:52+00:00","dateModified":"2021-09-24T23:59:19+00:00","breadcrumb":{"@id":"https:\/\/www.claritywave.com\/es\/thank-you-for-the-information\/#breadcrumb"},"inLanguage":"es","potentialAction":[{"@type":"ReadAction","target":["https:\/\/www.claritywave.com\/es\/thank-you-for-the-information\/"]}]},{"@type":"ImageObject","inLanguage":"es","@id":"https:\/\/www.claritywave.com\/es\/thank-you-for-the-information\/#primaryimage","url":"https:\/\/www.claritywave.com\/images\/thank-page-second-section-img.png","contentUrl":"https:\/\/www.claritywave.com\/images\/thank-page-second-section-img.png"},{"@type":"BreadcrumbList","@id":"https:\/\/www.claritywave.com\/es\/thank-you-for-the-information\/#breadcrumb","itemListElement":[{"@type":"ListItem","position":1,"name":"Home","item":"https:\/\/www.claritywave.com\/es\/"},{"@type":"ListItem","position":2,"name":"\u00a1Gracias por la informaci\u00f3n!"}]},{"@type":"WebSite","@id":"https:\/\/www.claritywave.com\/es\/#website","url":"https:\/\/www.claritywave.com\/es\/","name":"Clarity Wave","description":"Employee Engagement Software","publisher":{"@id":"https:\/\/www.claritywave.com\/es\/#organization"},"potentialAction":[{"@type":"SearchAction","target":{"@type":"EntryPoint","urlTemplate":"https:\/\/www.claritywave.com\/es\/?s={search_term_string}"},"query-input":{"@type":"PropertyValueSpecification","valueRequired":true,"valueName":"search_term_string"}}],"inLanguage":"es"},{"@type":"Organization","@id":"https:\/\/www.claritywave.com\/es\/#organization","name":"Clarity Wave","url":"https:\/\/www.claritywave.com\/es\/","logo":{"@type":"ImageObject","inLanguage":"es","@id":"https:\/\/www.claritywave.com\/es\/#\/schema\/logo\/image\/","url":"https:\/\/www.claritywave.com\/images\/Clarity-Wave-logo.png","contentUrl":"https:\/\/www.claritywave.com\/images\/Clarity-Wave-logo.png","width":270,"height":43,"caption":"Clarity Wave"},"image":{"@id":"https:\/\/www.claritywave.com\/es\/#\/schema\/logo\/image\/"},"sameAs":["https:\/\/www.facebook.com\/claritywave\/","https:\/\/x.com\/ClarityWave","https:\/\/www.instagram.com\/clarity_wave\/","https:\/\/www.linkedin.com\/company\/epic-by-clarity-wave\/"]}]}},"_links":{"self":[{"href":"https:\/\/www.claritywave.com\/es\/wp-json\/wp\/v2\/pages\/19666","targetHints":{"allow":["GET"]}}],"collection":[{"href":"https:\/\/www.claritywave.com\/es\/wp-json\/wp\/v2\/pages"}],"about":[{"href":"https:\/\/www.claritywave.com\/es\/wp-json\/wp\/v2\/types\/page"}],"author":[{"embeddable":true,"href":"https:\/\/www.claritywave.com\/es\/wp-json\/wp\/v2\/users\/10"}],"replies":[{"embeddable":true,"href":"https:\/\/www.claritywave.com\/es\/wp-json\/wp\/v2\/comments?post=19666"}],"version-history":[{"count":3,"href":"https:\/\/www.claritywave.com\/es\/wp-json\/wp\/v2\/pages\/19666\/revisions"}],"predecessor-version":[{"id":19675,"href":"https:\/\/www.claritywave.com\/es\/wp-json\/wp\/v2\/pages\/19666\/revisions\/19675"}],"wp:attachment":[{"href":"https:\/\/www.claritywave.com\/es\/wp-json\/wp\/v2\/media?parent=19666"}],"curies":[{"name":"wp","href":"https:\/\/api.w.org\/{rel}","templated":true}]}}